{"id":1503,"date":"2025-10-30T15:27:04","date_gmt":"2025-10-30T12:27:04","guid":{"rendered":"https:\/\/semelektronik.com\/?page_id=1503"},"modified":"2025-11-01T16:03:23","modified_gmt":"2025-11-01T13:03:23","slug":"donanim-tasarimi-ve-gelistirme","status":"publish","type":"page","link":"https:\/\/semelektronik.com\/?page_id=1503","title":{"rendered":"Donan\u0131m Tasar\u0131m\u0131 ve Geli\u015ftirme"},"content":{"rendered":"\t\t<div data-elementor-type=\"wp-page\" data-elementor-id=\"1503\" class=\"elementor elementor-1503\">\n\t\t\t\t<div class=\"elementor-element elementor-element-f402047 e-flex e-con-boxed e-con e-parent\" data-id=\"f402047\" data-element_type=\"container\" data-settings=\"{&quot;background_background&quot;:&quot;classic&quot;}\">\n\t\t\t\t\t<div class=\"e-con-inner\">\n\t\t<div class=\"elementor-element elementor-element-017fb8b e-flex e-con-boxed e-con e-child\" data-id=\"017fb8b\" data-element_type=\"container\">\n\t\t\t\t\t<div class=\"e-con-inner\">\n\t\t<div class=\"elementor-element elementor-element-f932d01 e-con-full e-flex e-con e-child\" data-id=\"f932d01\" data-element_type=\"container\">\n\t\t\t\t<div class=\"elementor-element elementor-element-c6c4047 elementor-widget elementor-widget-image\" data-id=\"c6c4047\" data-element_type=\"widget\" data-widget_type=\"image.default\">\n\t\t\t\t\t\t\t\t\t\t\t\t\t\t\t<img fetchpriority=\"high\" decoding=\"async\" width=\"1172\" height=\"660\" src=\"https:\/\/semelektronik.com\/wp-content\/uploads\/2025\/10\/what-is-circuit-design-1.avif\" class=\"attachment-full size-full wp-image-1512\" alt=\"\" srcset=\"https:\/\/semelektronik.com\/wp-content\/uploads\/2025\/10\/what-is-circuit-design-1.avif 1172w, https:\/\/semelektronik.com\/wp-content\/uploads\/2025\/10\/what-is-circuit-design-1-300x169.avif 300w, https:\/\/semelektronik.com\/wp-content\/uploads\/2025\/10\/what-is-circuit-design-1-1024x577.avif 1024w, https:\/\/semelektronik.com\/wp-content\/uploads\/2025\/10\/what-is-circuit-design-1-768x432.avif 768w\" sizes=\"(max-width: 1172px) 100vw, 1172px\" \/>\t\t\t\t\t\t\t\t\t\t\t\t\t\t\t<\/div>\n\t\t\t\t<\/div>\n\t\t\t\t\t<\/div>\n\t\t\t\t<\/div>\n\t\t\t\t\t<\/div>\n\t\t\t\t<\/div>\n\t\t<div class=\"elementor-element elementor-element-7f27af9 e-flex e-con-boxed e-con e-parent\" data-id=\"7f27af9\" data-element_type=\"container\">\n\t\t\t\t\t<div class=\"e-con-inner\">\n\t\t\t\t<div class=\"elementor-element elementor-element-8a04a02 elementor-widget elementor-widget-heading\" data-id=\"8a04a02\" data-element_type=\"widget\" data-widget_type=\"heading.default\">\n\t\t\t\t\t<h2 class=\"elementor-heading-title elementor-size-default\">Donan\u0131m Tasar\u0131m\u0131 ve Geli\u015ftirme<\/h2>\t\t\t\t<\/div>\n\t\t\t\t\t<\/div>\n\t\t\t\t<\/div>\n\t\t<div class=\"elementor-element elementor-element-bc69a1b e-flex e-con-boxed e-con e-parent\" data-id=\"bc69a1b\" data-element_type=\"container\">\n\t\t\t\t\t<div class=\"e-con-inner\">\n\t\t\t\t<div class=\"elementor-element elementor-element-9574f58 elementor-widget elementor-widget-text-editor\" data-id=\"9574f58\" data-element_type=\"widget\" data-widget_type=\"text-editor.default\">\n\t\t\t\t\t\t\t\t\t<p data-start=\"158\" data-end=\"482\">Firmam\u0131z, elektronik sistemlerin temelini olu\u015fturan donan\u0131m tasar\u0131m\u0131 ve geli\u015ftirme s\u00fcre\u00e7lerinde y\u00fcksek kalite ve g\u00fcvenilirli\u011fi \u00f6n planda tutmaktad\u0131r. \u0130htiya\u00e7 analizi a\u015famas\u0131ndan seri \u00fcretime kadar uzanan her ad\u0131mda, m\u00fc\u015fteri odakl\u0131 bir yakla\u015f\u0131m benimsiyor ve projelerin teknik gereksinimlerine en uygun \u00e7\u00f6z\u00fcmleri sunuyoruz.<\/p><p data-start=\"484\" data-end=\"803\">Deneyimli m\u00fchendis ekibimiz, analog ve dijital devre tasar\u0131mlar\u0131ndan karma\u015f\u0131k g\u00f6m\u00fcl\u00fc sistemlere kadar geni\u015f bir yelpazede hizmet vermektedir. Tasar\u0131m s\u00fcre\u00e7lerimizde ileri d\u00fczey CAD ara\u00e7lar\u0131, sim\u00fclasyon yaz\u0131l\u0131mlar\u0131 ve h\u0131zl\u0131 prototipleme teknikleri kullanarak, hatas\u0131z ve optimize edilmi\u015f devre kartlar\u0131 geli\u015ftiriyoruz.<\/p><p data-start=\"805\" data-end=\"1086\">\u00dcr\u00fcnlerimizin performans, dayan\u0131kl\u0131l\u0131k ve enerji verimlili\u011fi a\u00e7\u0131s\u0131ndan en y\u00fcksek standartlar\u0131 kar\u015f\u0131lamas\u0131 i\u00e7in, test ve do\u011frulama a\u015famalar\u0131na b\u00fcy\u00fck \u00f6nem veriyoruz. Yenilik\u00e7i yakla\u015f\u0131m\u0131m\u0131z ve teknik uzmanl\u0131\u011f\u0131m\u0131z sayesinde, elektronik sistemlerinizi g\u00fcvenle bize emanet edebilirsiniz.<\/p>\t\t\t\t\t\t\t\t<\/div>\n\t\t\t\t\t<\/div>\n\t\t\t\t<\/div>\n\t\t<div class=\"elementor-element elementor-element-d1eb558 e-flex e-con-boxed e-con e-parent\" data-id=\"d1eb558\" data-element_type=\"container\">\n\t\t\t\t\t<div class=\"e-con-inner\">\n\t\t\t\t<div class=\"elementor-element elementor-element-bc8f017 elementor-widget elementor-widget-spacer\" data-id=\"bc8f017\" data-element_type=\"widget\" data-widget_type=\"spacer.default\">\n\t\t\t\t\t\t\t<div class=\"elementor-spacer\">\n\t\t\t<div class=\"elementor-spacer-inner\"><\/div>\n\t\t<\/div>\n\t\t\t\t\t\t<\/div>\n\t\t\t\t\t<\/div>\n\t\t\t\t<\/div>\n\t\t\t\t<\/div>\n\t\t","protected":false},"excerpt":{"rendered":"<p>Donan\u0131m Tasar\u0131m\u0131 ve Geli\u015ftirme Firmam\u0131z, elektronik sistemlerin temelini olu\u015fturan donan\u0131m tasar\u0131m\u0131 ve geli\u015ftirme s\u00fcre\u00e7lerinde y\u00fcksek kalite ve g\u00fcvenilirli\u011fi \u00f6n planda tutmaktad\u0131r. \u0130htiya\u00e7 analizi a\u015famas\u0131ndan seri \u00fcretime kadar uzanan her ad\u0131mda, m\u00fc\u015fteri odakl\u0131 bir yakla\u015f\u0131m benimsiyor ve projelerin teknik gereksinimlerine en uygun \u00e7\u00f6z\u00fcmleri sunuyoruz. Deneyimli m\u00fchendis ekibimiz, analog ve dijital devre tasar\u0131mlar\u0131ndan karma\u015f\u0131k g\u00f6m\u00fcl\u00fc sistemlere kadar [&hellip;]<\/p>\n","protected":false},"author":1,"featured_media":0,"parent":0,"menu_order":0,"comment_status":"closed","ping_status":"closed","template":"elementor_header_footer","meta":{"footnotes":""},"class_list":["post-1503","page","type-page","status-publish","hentry"],"blocksy_meta":[],"_links":{"self":[{"href":"https:\/\/semelektronik.com\/index.php?rest_route=\/wp\/v2\/pages\/1503","targetHints":{"allow":["GET"]}}],"collection":[{"href":"https:\/\/semelektronik.com\/index.php?rest_route=\/wp\/v2\/pages"}],"about":[{"href":"https:\/\/semelektronik.com\/index.php?rest_route=\/wp\/v2\/types\/page"}],"author":[{"embeddable":true,"href":"https:\/\/semelektronik.com\/index.php?rest_route=\/wp\/v2\/users\/1"}],"replies":[{"embeddable":true,"href":"https:\/\/semelektronik.com\/index.php?rest_route=%2Fwp%2Fv2%2Fcomments&post=1503"}],"version-history":[{"count":32,"href":"https:\/\/semelektronik.com\/index.php?rest_route=\/wp\/v2\/pages\/1503\/revisions"}],"predecessor-version":[{"id":1698,"href":"https:\/\/semelektronik.com\/index.php?rest_route=\/wp\/v2\/pages\/1503\/revisions\/1698"}],"wp:attachment":[{"href":"https:\/\/semelektronik.com\/index.php?rest_route=%2Fwp%2Fv2%2Fmedia&parent=1503"}],"curies":[{"name":"wp","href":"https:\/\/api.w.org\/{rel}","templated":true}]}}