{"id":1539,"date":"2025-10-30T16:18:19","date_gmt":"2025-10-30T13:18:19","guid":{"rendered":"https:\/\/semelektronik.com\/?page_id=1539"},"modified":"2025-11-02T12:56:06","modified_gmt":"2025-11-02T09:56:06","slug":"ar-ge-ve-danismanlik-hizmetleri","status":"publish","type":"page","link":"https:\/\/semelektronik.com\/?page_id=1539","title":{"rendered":"Ar-Ge ve Dan\u0131\u015fmanl\u0131k Hizmetleri"},"content":{"rendered":"\t\t<div data-elementor-type=\"wp-page\" data-elementor-id=\"1539\" class=\"elementor elementor-1539\">\n\t\t\t\t<div class=\"elementor-element elementor-element-81b7658 e-flex e-con-boxed e-con e-parent\" data-id=\"81b7658\" data-element_type=\"container\" data-settings=\"{&quot;background_background&quot;:&quot;classic&quot;}\">\n\t\t\t\t\t<div class=\"e-con-inner\">\n\t\t<div class=\"elementor-element elementor-element-5eb2794 e-flex e-con-boxed e-con e-child\" data-id=\"5eb2794\" data-element_type=\"container\">\n\t\t\t\t\t<div class=\"e-con-inner\">\n\t\t<div class=\"elementor-element elementor-element-8809bca e-con-full e-flex e-con e-child\" data-id=\"8809bca\" data-element_type=\"container\">\n\t\t\t\t<div class=\"elementor-element elementor-element-99dcdc9 elementor-widget elementor-widget-image\" data-id=\"99dcdc9\" data-element_type=\"widget\" data-widget_type=\"image.default\">\n\t\t\t\t\t\t\t\t\t\t\t\t\t\t\t<img fetchpriority=\"high\" decoding=\"async\" width=\"1280\" height=\"853\" src=\"https:\/\/semelektronik.com\/wp-content\/uploads\/2025\/10\/research.jpg\" class=\"attachment-full size-full wp-image-1542\" alt=\"\" srcset=\"https:\/\/semelektronik.com\/wp-content\/uploads\/2025\/10\/research.jpg 1280w, https:\/\/semelektronik.com\/wp-content\/uploads\/2025\/10\/research-300x200.jpg 300w, https:\/\/semelektronik.com\/wp-content\/uploads\/2025\/10\/research-1024x682.jpg 1024w, https:\/\/semelektronik.com\/wp-content\/uploads\/2025\/10\/research-768x512.jpg 768w\" sizes=\"(max-width: 1280px) 100vw, 1280px\" \/>\t\t\t\t\t\t\t\t\t\t\t\t\t\t\t<\/div>\n\t\t\t\t<\/div>\n\t\t\t\t\t<\/div>\n\t\t\t\t<\/div>\n\t\t\t\t\t<\/div>\n\t\t\t\t<\/div>\n\t\t<div class=\"elementor-element elementor-element-d7cd89a e-flex e-con-boxed e-con e-parent\" data-id=\"d7cd89a\" data-element_type=\"container\">\n\t\t\t\t\t<div class=\"e-con-inner\">\n\t\t\t\t<div class=\"elementor-element elementor-element-3da5c93 elementor-widget elementor-widget-heading\" data-id=\"3da5c93\" data-element_type=\"widget\" data-widget_type=\"heading.default\">\n\t\t\t\t\t<h2 class=\"elementor-heading-title elementor-size-default\">Ar-Ge ve Dan\u0131\u015fmanl\u0131k Hizmetleri<\/h2>\t\t\t\t<\/div>\n\t\t\t\t\t<\/div>\n\t\t\t\t<\/div>\n\t\t<div class=\"elementor-element elementor-element-4298601 e-flex e-con-boxed e-con e-parent\" data-id=\"4298601\" data-element_type=\"container\">\n\t\t\t\t\t<div class=\"e-con-inner\">\n\t\t\t\t<div class=\"elementor-element elementor-element-23bd140 elementor-widget elementor-widget-text-editor\" data-id=\"23bd140\" data-element_type=\"widget\" data-widget_type=\"text-editor.default\">\n\t\t\t\t\t\t\t\t\t<p data-start=\"168\" data-end=\"494\">Firmam\u0131z, teknolojiye y\u00f6n veren \u00e7\u00f6z\u00fcmler geli\u015ftirme vizyonuyla Ar-Ge faaliyetlerini t\u00fcm \u00e7al\u0131\u015fmalar\u0131n\u0131n merkezine koymaktad\u0131r. Elektronik devre tasar\u0131m\u0131, g\u00f6m\u00fcl\u00fc sistemler ve donan\u0131m geli\u015ftirme alanlar\u0131nda sahip oldu\u011fumuz bilgi birikimini; m\u00fc\u015fterilerimizin projelerine de\u011fer katan yenilik\u00e7i \u00e7\u00f6z\u00fcmler \u00fcretmek i\u00e7in kullan\u0131yoruz.<\/p><p data-start=\"496\" data-end=\"792\">Ar-Ge ekibimiz, fikir a\u015famas\u0131ndan prototip \u00fcretimine, test s\u00fcre\u00e7lerinden \u00fcr\u00fcnle\u015ftirmeye kadar t\u00fcm a\u015famalarda etkin rol oynar. Geli\u015ftirdi\u011fimiz projelerde performans, g\u00fcvenilirlik ve maliyet optimizasyonunu g\u00f6zeterek; \u00f6zg\u00fcn, \u00f6l\u00e7eklenebilir ve end\u00fcstri standartlar\u0131na uygun sistemler tasarl\u0131yoruz.<\/p><p data-start=\"794\" data-end=\"1138\">Dan\u0131\u015fmanl\u0131k hizmetlerimiz kapsam\u0131nda ise i\u015fletmelere teknik bilgi payla\u015f\u0131m\u0131, proje planlama deste\u011fi, \u00fcr\u00fcn geli\u015ftirme stratejileri ve teknoloji entegrasyonu konular\u0131nda profesyonel y\u00f6nlendirme sa\u011fl\u0131yoruz. B\u00f6ylece m\u00fc\u015fterilerimizin hem mevcut \u00fcr\u00fcnlerini iyile\u015ftirmelerine hem de yeni teknolojilere daha h\u0131zl\u0131 adapte olmalar\u0131na yard\u0131mc\u0131 oluyoruz.<\/p><p data-start=\"1140\" data-end=\"1297\">Yenili\u011fe ve s\u00fcrekli geli\u015fime olan ba\u011fl\u0131l\u0131\u011f\u0131m\u0131z sayesinde, sadece bug\u00fcn\u00fcn de\u011fil, gelece\u011fin teknolojilerini de \u015fekillendiren bir i\u015f orta\u011f\u0131 olmay\u0131 s\u00fcrd\u00fcr\u00fcyoruz<\/p>\t\t\t\t\t\t\t\t<\/div>\n\t\t\t\t\t<\/div>\n\t\t\t\t<\/div>\n\t\t<div class=\"elementor-element elementor-element-5545bdd e-flex e-con-boxed e-con e-parent\" data-id=\"5545bdd\" data-element_type=\"container\">\n\t\t\t\t\t<div class=\"e-con-inner\">\n\t\t\t\t<div class=\"elementor-element elementor-element-6fe7c4c elementor-widget elementor-widget-spacer\" data-id=\"6fe7c4c\" data-element_type=\"widget\" data-widget_type=\"spacer.default\">\n\t\t\t\t\t\t\t<div class=\"elementor-spacer\">\n\t\t\t<div class=\"elementor-spacer-inner\"><\/div>\n\t\t<\/div>\n\t\t\t\t\t\t<\/div>\n\t\t\t\t\t<\/div>\n\t\t\t\t<\/div>\n\t\t\t\t<\/div>\n\t\t","protected":false},"excerpt":{"rendered":"<p>Ar-Ge ve Dan\u0131\u015fmanl\u0131k Hizmetleri Firmam\u0131z, teknolojiye y\u00f6n veren \u00e7\u00f6z\u00fcmler geli\u015ftirme vizyonuyla Ar-Ge faaliyetlerini t\u00fcm \u00e7al\u0131\u015fmalar\u0131n\u0131n merkezine koymaktad\u0131r. Elektronik devre tasar\u0131m\u0131, g\u00f6m\u00fcl\u00fc sistemler ve donan\u0131m geli\u015ftirme alanlar\u0131nda sahip oldu\u011fumuz bilgi birikimini; m\u00fc\u015fterilerimizin projelerine de\u011fer katan yenilik\u00e7i \u00e7\u00f6z\u00fcmler \u00fcretmek i\u00e7in kullan\u0131yoruz. Ar-Ge ekibimiz, fikir a\u015famas\u0131ndan prototip \u00fcretimine, test s\u00fcre\u00e7lerinden \u00fcr\u00fcnle\u015ftirmeye kadar t\u00fcm a\u015famalarda etkin rol oynar. Geli\u015ftirdi\u011fimiz [&hellip;]<\/p>\n","protected":false},"author":1,"featured_media":0,"parent":0,"menu_order":0,"comment_status":"closed","ping_status":"closed","template":"elementor_header_footer","meta":{"footnotes":""},"class_list":["post-1539","page","type-page","status-publish","hentry"],"blocksy_meta":[],"_links":{"self":[{"href":"https:\/\/semelektronik.com\/index.php?rest_route=\/wp\/v2\/pages\/1539","targetHints":{"allow":["GET"]}}],"collection":[{"href":"https:\/\/semelektronik.com\/index.php?rest_route=\/wp\/v2\/pages"}],"about":[{"href":"https:\/\/semelektronik.com\/index.php?rest_route=\/wp\/v2\/types\/page"}],"author":[{"embeddable":true,"href":"https:\/\/semelektronik.com\/index.php?rest_route=\/wp\/v2\/users\/1"}],"replies":[{"embeddable":true,"href":"https:\/\/semelektronik.com\/index.php?rest_route=%2Fwp%2Fv2%2Fcomments&post=1539"}],"version-history":[{"count":11,"href":"https:\/\/semelektronik.com\/index.php?rest_route=\/wp\/v2\/pages\/1539\/revisions"}],"predecessor-version":[{"id":1715,"href":"https:\/\/semelektronik.com\/index.php?rest_route=\/wp\/v2\/pages\/1539\/revisions\/1715"}],"wp:attachment":[{"href":"https:\/\/semelektronik.com\/index.php?rest_route=%2Fwp%2Fv2%2Fmedia&parent=1539"}],"curies":[{"name":"wp","href":"https:\/\/api.w.org\/{rel}","templated":true}]}}