{"id":1547,"date":"2025-10-30T16:26:39","date_gmt":"2025-10-30T13:26:39","guid":{"rendered":"https:\/\/semelektronik.com\/?page_id=1547"},"modified":"2025-11-01T16:02:06","modified_gmt":"2025-11-01T13:02:06","slug":"pcb-baski-devre-tasarimi","status":"publish","type":"page","link":"https:\/\/semelektronik.com\/?page_id=1547","title":{"rendered":"PCB (Bask\u0131 Devre) Tasar\u0131m\u0131"},"content":{"rendered":"\t\t<div data-elementor-type=\"wp-page\" data-elementor-id=\"1547\" class=\"elementor elementor-1547\">\n\t\t\t\t<div class=\"elementor-element elementor-element-660bf5c e-flex e-con-boxed e-con e-parent\" data-id=\"660bf5c\" data-element_type=\"container\" data-settings=\"{&quot;background_background&quot;:&quot;classic&quot;}\">\n\t\t\t\t\t<div class=\"e-con-inner\">\n\t\t<div class=\"elementor-element elementor-element-86f5805 e-flex e-con-boxed e-con e-child\" data-id=\"86f5805\" data-element_type=\"container\">\n\t\t\t\t\t<div class=\"e-con-inner\">\n\t\t<div class=\"elementor-element elementor-element-09302dd e-con-full e-flex e-con e-child\" data-id=\"09302dd\" data-element_type=\"container\">\n\t\t\t\t<div class=\"elementor-element elementor-element-c809b28 elementor-widget elementor-widget-image\" data-id=\"c809b28\" data-element_type=\"widget\" data-widget_type=\"image.default\">\n\t\t\t\t\t\t\t\t\t\t\t\t\t\t\t<img fetchpriority=\"high\" decoding=\"async\" width=\"1280\" height=\"854\" src=\"https:\/\/semelektronik.com\/wp-content\/uploads\/2025\/10\/pcb.jpg\" class=\"attachment-full size-full wp-image-1549\" alt=\"\" srcset=\"https:\/\/semelektronik.com\/wp-content\/uploads\/2025\/10\/pcb.jpg 1280w, https:\/\/semelektronik.com\/wp-content\/uploads\/2025\/10\/pcb-300x200.jpg 300w, https:\/\/semelektronik.com\/wp-content\/uploads\/2025\/10\/pcb-1024x683.jpg 1024w, https:\/\/semelektronik.com\/wp-content\/uploads\/2025\/10\/pcb-768x512.jpg 768w\" sizes=\"(max-width: 1280px) 100vw, 1280px\" \/>\t\t\t\t\t\t\t\t\t\t\t\t\t\t\t<\/div>\n\t\t\t\t<\/div>\n\t\t\t\t\t<\/div>\n\t\t\t\t<\/div>\n\t\t\t\t\t<\/div>\n\t\t\t\t<\/div>\n\t\t<div class=\"elementor-element elementor-element-953d48f e-flex e-con-boxed e-con e-parent\" data-id=\"953d48f\" data-element_type=\"container\">\n\t\t\t\t\t<div class=\"e-con-inner\">\n\t\t\t\t<div class=\"elementor-element elementor-element-2056319 elementor-widget elementor-widget-heading\" data-id=\"2056319\" data-element_type=\"widget\" data-widget_type=\"heading.default\">\n\t\t\t\t\t<h2 class=\"elementor-heading-title elementor-size-default\">PCB (Bask\u0131 Devre) Tasar\u0131m\u0131<\/h2>\t\t\t\t<\/div>\n\t\t\t\t\t<\/div>\n\t\t\t\t<\/div>\n\t\t<div class=\"elementor-element elementor-element-f7dbf58 e-flex e-con-boxed e-con e-parent\" data-id=\"f7dbf58\" data-element_type=\"container\">\n\t\t\t\t\t<div class=\"e-con-inner\">\n\t\t\t\t<div class=\"elementor-element elementor-element-a2b14f4 elementor-widget elementor-widget-text-editor\" data-id=\"a2b14f4\" data-element_type=\"widget\" data-widget_type=\"text-editor.default\">\n\t\t\t\t\t\t\t\t\t<p data-start=\"178\" data-end=\"447\">Elektronik sistemlerin performans\u0131n\u0131 ve g\u00fcvenilirli\u011fini belirleyen en \u00f6nemli unsurlardan biri, do\u011fru ve verimli PCB tasar\u0131m\u0131d\u0131r. Firmam\u0131z, y\u00fcksek kalite standartlar\u0131na uygun, \u00fcretime haz\u0131r bask\u0131 devre kart\u0131 tasar\u0131mlar\u0131yla m\u00fc\u015fterilerine u\u00e7tan uca \u00e7\u00f6z\u00fcmler sunmaktad\u0131r.<\/p><p data-start=\"449\" data-end=\"787\">Deneyimli m\u00fchendis ekibimiz; tek katmanl\u0131, \u00e7ok katmanl\u0131, y\u00fcksek h\u0131zl\u0131, esnek (flex) ve rigid-flex PCB tasar\u0131mlar\u0131nda geni\u015f bir uzmanl\u0131\u011fa sahiptir. Tasar\u0131m s\u00fcre\u00e7lerinde sinyal b\u00fct\u00fcnl\u00fc\u011f\u00fc, EMI\/EMC uyumlulu\u011fu, termal y\u00f6netim ve \u00fcretilebilirlik kriterlerini titizlikle dikkate alarak, optimum performansa sahip devre kartlar\u0131 geli\u015ftiriyoruz.<\/p><p data-start=\"789\" data-end=\"1159\">Kulland\u0131\u011f\u0131m\u0131z profesyonel CAD ara\u00e7lar\u0131 ve sim\u00fclasyon yaz\u0131l\u0131mlar\u0131 sayesinde, tasar\u0131mlar\u0131m\u0131z\u0131 \u00fcretim \u00f6ncesinde do\u011fruluyor; hatalar\u0131 minimuma indiriyor ve \u00fcr\u00fcn geli\u015ftirme s\u00fcrecini h\u0131zland\u0131r\u0131yoruz. Ayr\u0131ca prototip \u00fcretim, test ve tasar\u0131m revizyonu a\u015famalar\u0131nda m\u00fc\u015fterilerimizle yak\u0131n i\u015f birli\u011fi i\u00e7inde \u00e7al\u0131\u015farak, projelerin sorunsuz ve zaman\u0131nda tamamlanmas\u0131n\u0131 sa\u011fl\u0131yoruz.<\/p><p data-start=\"1161\" data-end=\"1337\">Teknolojik yenilikleri yak\u0131ndan takip eden yakla\u015f\u0131m\u0131m\u0131zla, y\u00fcksek kalite, g\u00fcvenilirlik ve \u00fcretim verimlili\u011fini bir arada sunan PCB tasar\u0131mlar\u0131yla projelerinize de\u011fer kat\u0131yoruz.<\/p>\t\t\t\t\t\t\t\t<\/div>\n\t\t\t\t\t<\/div>\n\t\t\t\t<\/div>\n\t\t<div class=\"elementor-element elementor-element-d6b3cbb e-flex e-con-boxed e-con e-parent\" data-id=\"d6b3cbb\" data-element_type=\"container\">\n\t\t\t\t\t<div class=\"e-con-inner\">\n\t\t\t\t<div class=\"elementor-element elementor-element-8993498 elementor-widget elementor-widget-spacer\" data-id=\"8993498\" data-element_type=\"widget\" data-widget_type=\"spacer.default\">\n\t\t\t\t\t\t\t<div class=\"elementor-spacer\">\n\t\t\t<div class=\"elementor-spacer-inner\"><\/div>\n\t\t<\/div>\n\t\t\t\t\t\t<\/div>\n\t\t\t\t\t<\/div>\n\t\t\t\t<\/div>\n\t\t\t\t<\/div>\n\t\t","protected":false},"excerpt":{"rendered":"<p>PCB (Bask\u0131 Devre) Tasar\u0131m\u0131 Elektronik sistemlerin performans\u0131n\u0131 ve g\u00fcvenilirli\u011fini belirleyen en \u00f6nemli unsurlardan biri, do\u011fru ve verimli PCB tasar\u0131m\u0131d\u0131r. Firmam\u0131z, y\u00fcksek kalite standartlar\u0131na uygun, \u00fcretime haz\u0131r bask\u0131 devre kart\u0131 tasar\u0131mlar\u0131yla m\u00fc\u015fterilerine u\u00e7tan uca \u00e7\u00f6z\u00fcmler sunmaktad\u0131r. Deneyimli m\u00fchendis ekibimiz; tek katmanl\u0131, \u00e7ok katmanl\u0131, y\u00fcksek h\u0131zl\u0131, esnek (flex) ve rigid-flex PCB tasar\u0131mlar\u0131nda geni\u015f bir uzmanl\u0131\u011fa sahiptir. Tasar\u0131m [&hellip;]<\/p>\n","protected":false},"author":1,"featured_media":0,"parent":0,"menu_order":0,"comment_status":"closed","ping_status":"closed","template":"elementor_header_footer","meta":{"footnotes":""},"class_list":["post-1547","page","type-page","status-publish","hentry"],"blocksy_meta":[],"_links":{"self":[{"href":"https:\/\/semelektronik.com\/index.php?rest_route=\/wp\/v2\/pages\/1547","targetHints":{"allow":["GET"]}}],"collection":[{"href":"https:\/\/semelektronik.com\/index.php?rest_route=\/wp\/v2\/pages"}],"about":[{"href":"https:\/\/semelektronik.com\/index.php?rest_route=\/wp\/v2\/types\/page"}],"author":[{"embeddable":true,"href":"https:\/\/semelektronik.com\/index.php?rest_route=\/wp\/v2\/users\/1"}],"replies":[{"embeddable":true,"href":"https:\/\/semelektronik.com\/index.php?rest_route=%2Fwp%2Fv2%2Fcomments&post=1547"}],"version-history":[{"count":14,"href":"https:\/\/semelektronik.com\/index.php?rest_route=\/wp\/v2\/pages\/1547\/revisions"}],"predecessor-version":[{"id":1692,"href":"https:\/\/semelektronik.com\/index.php?rest_route=\/wp\/v2\/pages\/1547\/revisions\/1692"}],"wp:attachment":[{"href":"https:\/\/semelektronik.com\/index.php?rest_route=%2Fwp%2Fv2%2Fmedia&parent=1547"}],"curies":[{"name":"wp","href":"https:\/\/api.w.org\/{rel}","templated":true}]}}