{"id":1554,"date":"2025-10-30T16:30:00","date_gmt":"2025-10-30T13:30:00","guid":{"rendered":"https:\/\/semelektronik.com\/?page_id=1554"},"modified":"2025-10-31T15:43:34","modified_gmt":"2025-10-31T12:43:34","slug":"urun-optimizasyonu-ve-revizyonu","status":"publish","type":"page","link":"https:\/\/semelektronik.com\/?page_id=1554","title":{"rendered":"\u00dcr\u00fcn Optimizasyonu ve Revizyonu"},"content":{"rendered":"\t\t<div data-elementor-type=\"wp-page\" data-elementor-id=\"1554\" class=\"elementor elementor-1554\">\n\t\t\t\t<div class=\"elementor-element elementor-element-8578e64 e-flex e-con-boxed e-con e-parent\" data-id=\"8578e64\" data-element_type=\"container\" data-settings=\"{&quot;background_background&quot;:&quot;classic&quot;}\">\n\t\t\t\t\t<div class=\"e-con-inner\">\n\t\t<div class=\"elementor-element elementor-element-1f9cb75 e-flex e-con-boxed e-con e-child\" data-id=\"1f9cb75\" data-element_type=\"container\">\n\t\t\t\t\t<div class=\"e-con-inner\">\n\t\t<div class=\"elementor-element elementor-element-720e71d e-con-full e-flex e-con e-child\" data-id=\"720e71d\" data-element_type=\"container\">\n\t\t\t\t<div class=\"elementor-element elementor-element-177ff6f elementor-widget elementor-widget-image\" data-id=\"177ff6f\" data-element_type=\"widget\" data-widget_type=\"image.default\">\n\t\t\t\t\t\t\t\t\t\t\t\t\t\t\t<img fetchpriority=\"high\" decoding=\"async\" width=\"1280\" height=\"853\" src=\"https:\/\/semelektronik.com\/wp-content\/uploads\/2025\/10\/optimizasyon.jpg\" class=\"attachment-full size-full wp-image-1556\" alt=\"\" srcset=\"https:\/\/semelektronik.com\/wp-content\/uploads\/2025\/10\/optimizasyon.jpg 1280w, https:\/\/semelektronik.com\/wp-content\/uploads\/2025\/10\/optimizasyon-300x200.jpg 300w, https:\/\/semelektronik.com\/wp-content\/uploads\/2025\/10\/optimizasyon-1024x682.jpg 1024w, https:\/\/semelektronik.com\/wp-content\/uploads\/2025\/10\/optimizasyon-768x512.jpg 768w\" sizes=\"(max-width: 1280px) 100vw, 1280px\" \/>\t\t\t\t\t\t\t\t\t\t\t\t\t\t\t<\/div>\n\t\t\t\t<\/div>\n\t\t\t\t\t<\/div>\n\t\t\t\t<\/div>\n\t\t\t\t\t<\/div>\n\t\t\t\t<\/div>\n\t\t<div class=\"elementor-element elementor-element-a2ba16c e-flex e-con-boxed e-con e-parent\" data-id=\"a2ba16c\" data-element_type=\"container\">\n\t\t\t\t\t<div class=\"e-con-inner\">\n\t\t\t\t<div class=\"elementor-element elementor-element-083ef95 elementor-widget elementor-widget-heading\" data-id=\"083ef95\" data-element_type=\"widget\" data-widget_type=\"heading.default\">\n\t\t\t\t\t<h2 class=\"elementor-heading-title elementor-size-default\">\u00dcr\u00fcn Optimizasyonu ve Revizyonu<\/h2>\t\t\t\t<\/div>\n\t\t\t\t\t<\/div>\n\t\t\t\t<\/div>\n\t\t<div class=\"elementor-element elementor-element-5be280c e-flex e-con-boxed e-con e-parent\" data-id=\"5be280c\" data-element_type=\"container\">\n\t\t\t\t\t<div class=\"e-con-inner\">\n\t\t\t\t<div class=\"elementor-element elementor-element-aa1c2ea elementor-widget elementor-widget-text-editor\" data-id=\"aa1c2ea\" data-element_type=\"widget\" data-widget_type=\"text-editor.default\">\n\t\t\t\t\t\t\t\t\t<p data-start=\"193\" data-end=\"488\">Elektronik sistemlerde performans, maliyet ve \u00fcretilebilirlik dengesini sa\u011flamak; ba\u015far\u0131l\u0131 bir \u00fcr\u00fcn geli\u015ftirme s\u00fcrecinin temelini olu\u015fturur. Firmam\u0131z, mevcut \u00fcr\u00fcnlerinizi daha verimli, dayan\u0131kl\u0131 ve ekonomik hale getirmek i\u00e7in kapsaml\u0131 <strong data-start=\"428\" data-end=\"473\">\u00fcr\u00fcn optimizasyonu ve revizyon hizmetleri<\/strong> sunmaktad\u0131r.<\/p><p data-start=\"490\" data-end=\"866\">Deneyimli m\u00fchendis ekibimiz, \u00fcr\u00fcnlerinizi hem donan\u0131m hem de yaz\u0131l\u0131m seviyesinde analiz ederek, performans art\u0131r\u0131m\u0131, enerji verimlili\u011fi, termal iyile\u015ftirme ve bile\u015fen optimizasyonu konular\u0131nda teknik \u00e7\u00f6z\u00fcmler geli\u015ftirir. Gerekti\u011finde devre kart\u0131 yeniden tasar\u0131m\u0131, bile\u015fen alternatiflendirme ve \u00fcretim maliyeti d\u00fc\u015f\u00fcrme gibi ad\u0131mlarla \u00fcr\u00fcnlerinizin rekabet g\u00fcc\u00fcn\u00fc art\u0131r\u0131yoruz.<\/p><p data-start=\"868\" data-end=\"1154\">Ayr\u0131ca, sahada ya\u015fanan teknik sorunlar\u0131n k\u00f6k neden analizini yaparak, \u00fcr\u00fcn g\u00fcvenilirli\u011fini art\u0131racak kal\u0131c\u0131 \u00e7\u00f6z\u00fcmler \u00fcretiyoruz. Bu s\u00fcre\u00e7te m\u00fc\u015fteriyle s\u00fcrekli ileti\u015fim halinde kalarak, hem teknik gereksinimlere hem de kullan\u0131c\u0131 beklentilerine tam uyum sa\u011flayan sonu\u00e7lar elde ediyoruz.<\/p><p data-start=\"1156\" data-end=\"1310\">Amac\u0131m\u0131z, yaln\u0131zca mevcut sistemleri geli\u015ftirmek de\u011fil; uzun vadede daha s\u00fcrd\u00fcr\u00fclebilir, g\u00fcvenilir ve \u00fcretim a\u00e7\u0131s\u0131ndan avantajl\u0131 \u00fcr\u00fcnler ortaya koymakt\u0131r.<\/p>\t\t\t\t\t\t\t\t<\/div>\n\t\t\t\t\t<\/div>\n\t\t\t\t<\/div>\n\t\t<div class=\"elementor-element elementor-element-12e662a e-flex e-con-boxed e-con e-parent\" data-id=\"12e662a\" data-element_type=\"container\">\n\t\t\t\t\t<div class=\"e-con-inner\">\n\t\t\t\t<div class=\"elementor-element elementor-element-c13da97 elementor-widget elementor-widget-spacer\" data-id=\"c13da97\" data-element_type=\"widget\" data-widget_type=\"spacer.default\">\n\t\t\t\t\t\t\t<div class=\"elementor-spacer\">\n\t\t\t<div class=\"elementor-spacer-inner\"><\/div>\n\t\t<\/div>\n\t\t\t\t\t\t<\/div>\n\t\t\t\t\t<\/div>\n\t\t\t\t<\/div>\n\t\t\t\t<\/div>\n\t\t","protected":false},"excerpt":{"rendered":"<p>\u00dcr\u00fcn Optimizasyonu ve Revizyonu Elektronik sistemlerde performans, maliyet ve \u00fcretilebilirlik dengesini sa\u011flamak; ba\u015far\u0131l\u0131 bir \u00fcr\u00fcn geli\u015ftirme s\u00fcrecinin temelini olu\u015fturur. Firmam\u0131z, mevcut \u00fcr\u00fcnlerinizi daha verimli, dayan\u0131kl\u0131 ve ekonomik hale getirmek i\u00e7in kapsaml\u0131 \u00fcr\u00fcn optimizasyonu ve revizyon hizmetleri sunmaktad\u0131r. Deneyimli m\u00fchendis ekibimiz, \u00fcr\u00fcnlerinizi hem donan\u0131m hem de yaz\u0131l\u0131m seviyesinde analiz ederek, performans art\u0131r\u0131m\u0131, enerji verimlili\u011fi, termal iyile\u015ftirme [&hellip;]<\/p>\n","protected":false},"author":1,"featured_media":0,"parent":0,"menu_order":0,"comment_status":"closed","ping_status":"closed","template":"elementor_header_footer","meta":{"footnotes":""},"class_list":["post-1554","page","type-page","status-publish","hentry"],"blocksy_meta":[],"_links":{"self":[{"href":"https:\/\/semelektronik.com\/index.php?rest_route=\/wp\/v2\/pages\/1554","targetHints":{"allow":["GET"]}}],"collection":[{"href":"https:\/\/semelektronik.com\/index.php?rest_route=\/wp\/v2\/pages"}],"about":[{"href":"https:\/\/semelektronik.com\/index.php?rest_route=\/wp\/v2\/types\/page"}],"author":[{"embeddable":true,"href":"https:\/\/semelektronik.com\/index.php?rest_route=\/wp\/v2\/users\/1"}],"replies":[{"embeddable":true,"href":"https:\/\/semelektronik.com\/index.php?rest_route=%2Fwp%2Fv2%2Fcomments&post=1554"}],"version-history":[{"count":8,"href":"https:\/\/semelektronik.com\/index.php?rest_route=\/wp\/v2\/pages\/1554\/revisions"}],"predecessor-version":[{"id":1656,"href":"https:\/\/semelektronik.com\/index.php?rest_route=\/wp\/v2\/pages\/1554\/revisions\/1656"}],"wp:attachment":[{"href":"https:\/\/semelektronik.com\/index.php?rest_route=%2Fwp%2Fv2%2Fmedia&parent=1554"}],"curies":[{"name":"wp","href":"https:\/\/api.w.org\/{rel}","templated":true}]}}