{"id":791,"date":"2025-10-29T07:00:19","date_gmt":"2025-10-29T04:00:19","guid":{"rendered":"https:\/\/startersites.io\/elementor\/bizconsult\/?page_id=791"},"modified":"2025-10-30T16:54:03","modified_gmt":"2025-10-30T13:54:03","slug":"about-us","status":"publish","type":"page","link":"https:\/\/semelektronik.com\/?page_id=791","title":{"rendered":"Hakk\u0131m\u0131zda"},"content":{"rendered":"\t\t<div data-elementor-type=\"wp-page\" data-elementor-id=\"791\" class=\"elementor elementor-791\">\n\t\t\t\t<div class=\"elementor-element elementor-element-eeed4cb e-flex e-con-boxed e-con e-parent\" data-id=\"eeed4cb\" data-element_type=\"container\" data-settings=\"{&quot;background_background&quot;:&quot;classic&quot;}\">\n\t\t\t\t\t<div class=\"e-con-inner\">\n\t\t\t\t<div class=\"elementor-element elementor-element-451373a elementor-widget elementor-widget-image\" data-id=\"451373a\" data-element_type=\"widget\" data-widget_type=\"image.default\">\n\t\t\t\t\t\t\t\t\t\t\t\t\t\t\t<img fetchpriority=\"high\" decoding=\"async\" width=\"1172\" height=\"660\" src=\"https:\/\/semelektronik.com\/wp-content\/uploads\/2025\/10\/what-is-circuit-design-1.avif\" class=\"attachment-full size-full wp-image-1512\" alt=\"\" srcset=\"https:\/\/semelektronik.com\/wp-content\/uploads\/2025\/10\/what-is-circuit-design-1.avif 1172w, https:\/\/semelektronik.com\/wp-content\/uploads\/2025\/10\/what-is-circuit-design-1-300x169.avif 300w, https:\/\/semelektronik.com\/wp-content\/uploads\/2025\/10\/what-is-circuit-design-1-1024x577.avif 1024w, https:\/\/semelektronik.com\/wp-content\/uploads\/2025\/10\/what-is-circuit-design-1-768x432.avif 768w\" sizes=\"(max-width: 1172px) 100vw, 1172px\" \/>\t\t\t\t\t\t\t\t\t\t\t\t\t\t\t<\/div>\n\t\t\t\t\t<\/div>\n\t\t\t\t<\/div>\n\t\t<div class=\"elementor-element elementor-element-c5c4ef1 e-flex e-con-boxed e-con e-parent\" data-id=\"c5c4ef1\" data-element_type=\"container\">\n\t\t\t\t\t<div class=\"e-con-inner\">\n\t\t\t\t<div class=\"elementor-element elementor-element-be6541f elementor-widget elementor-widget-text-editor\" data-id=\"be6541f\" data-element_type=\"widget\" data-widget_type=\"text-editor.default\">\n\t\t\t\t\t\t\t\t\t<p data-start=\"409\" data-end=\"755\"><strong>SEM Elektronik<\/strong>, yenilik\u00e7i teknolojilerle donat\u0131lm\u0131\u015f elektronik sistemlerin tasar\u0131m\u0131, geli\u015ftirilmesi ve \u00fcretimi alan\u0131nda faaliyet g\u00f6steren bir m\u00fchendislik firmas\u0131d\u0131r. Kuruldu\u011fu g\u00fcnden bu yana, donan\u0131m ve g\u00f6m\u00fcl\u00fc sistem tasar\u0131m\u0131 ba\u015fta olmak \u00fczere elektronik teknolojilerinde y\u00fcksek kalite, g\u00fcvenilirlik ve s\u00fcrd\u00fcr\u00fclebilirli\u011fi temel ilke edinmi\u015ftir.<\/p><p data-start=\"757\" data-end=\"1004\">Alan\u0131nda uzman m\u00fchendis kadromuz, fikir a\u015famas\u0131ndan seri \u00fcretime kadar uzanan her ad\u0131mda m\u00fc\u015fterilerimize \u00f6zel \u00e7\u00f6z\u00fcmler sunmakta; end\u00fcstriyel, savunma, otomasyon, IoT ve t\u00fcketici elektroni\u011fi gibi bir\u00e7ok sekt\u00f6re yenilik\u00e7i \u00fcr\u00fcnler kazand\u0131rmaktad\u0131r.<\/p>\t\t\t\t\t\t\t\t<\/div>\n\t\t\t\t\t<\/div>\n\t\t\t\t<\/div>\n\t\t<div class=\"elementor-element elementor-element-61422b7 e-flex e-con-boxed e-con e-parent\" data-id=\"61422b7\" data-element_type=\"container\">\n\t\t\t\t\t<div class=\"e-con-inner\">\n\t\t\t\t<div class=\"elementor-element elementor-element-d0b04b1 elementor-widget-divider--view-line elementor-widget elementor-widget-divider\" data-id=\"d0b04b1\" data-element_type=\"widget\" data-widget_type=\"divider.default\">\n\t\t\t\t\t\t\t<div class=\"elementor-divider\">\n\t\t\t<span class=\"elementor-divider-separator\">\n\t\t\t\t\t\t<\/span>\n\t\t<\/div>\n\t\t\t\t\t\t<\/div>\n\t\t\t\t\t<\/div>\n\t\t\t\t<\/div>\n\t\t<div class=\"elementor-element elementor-element-d75455c e-flex e-con-boxed e-con e-parent\" data-id=\"d75455c\" data-element_type=\"container\" data-settings=\"{&quot;background_background&quot;:&quot;classic&quot;}\">\n\t\t\t\t\t<div class=\"e-con-inner\">\n\t\t\t\t<div class=\"elementor-element elementor-element-f71b5ee elementor-widget__width-initial elementor-widget-tablet__width-inherit elementor-widget elementor-widget-image\" data-id=\"f71b5ee\" data-element_type=\"widget\" data-widget_type=\"image.default\">\n\t\t\t\t\t\t\t\t\t\t\t\t\t\t\t<img decoding=\"async\" width=\"683\" height=\"1024\" src=\"https:\/\/semelektronik.com\/wp-content\/uploads\/2025\/10\/vision-683x1024.jpg\" class=\"attachment-large size-large wp-image-1586\" alt=\"\" srcset=\"https:\/\/semelektronik.com\/wp-content\/uploads\/2025\/10\/vision-683x1024.jpg 683w, https:\/\/semelektronik.com\/wp-content\/uploads\/2025\/10\/vision-200x300.jpg 200w, https:\/\/semelektronik.com\/wp-content\/uploads\/2025\/10\/vision-768x1152.jpg 768w, https:\/\/semelektronik.com\/wp-content\/uploads\/2025\/10\/vision-1024x1536.jpg 1024w, https:\/\/semelektronik.com\/wp-content\/uploads\/2025\/10\/vision.jpg 1280w\" sizes=\"(max-width: 683px) 100vw, 683px\" \/>\t\t\t\t\t\t\t\t\t\t\t\t\t\t\t<\/div>\n\t\t<div class=\"elementor-element elementor-element-e5cc82e e-con-full e-flex e-con e-child\" data-id=\"e5cc82e\" data-element_type=\"container\">\n\t\t\t\t<div class=\"elementor-element elementor-element-e99846e elementor-widget elementor-widget-heading\" data-id=\"e99846e\" data-element_type=\"widget\" data-widget_type=\"heading.default\">\n\t\t\t\t\t<h3 class=\"elementor-heading-title elementor-size-default\">Vizyonumuz<\/h3>\t\t\t\t<\/div>\n\t\t\t\t<div class=\"elementor-element elementor-element-7edccbd elementor-widget elementor-widget-text-editor\" data-id=\"7edccbd\" data-element_type=\"widget\" data-widget_type=\"text-editor.default\">\n\t\t\t\t\t\t\t\t\t<p>Teknolojiyi \u015fekillendiren, g\u00fcvenilir ve yenilik\u00e7i bir m\u00fchendislik firmas\u0131 olarak; elektronik sistem tasar\u0131m\u0131 alan\u0131nda ulusal ve uluslararas\u0131 \u00f6l\u00e7ekte fark yaratmak.<\/p>\t\t\t\t\t\t\t\t<\/div>\n\t\t\t\t<\/div>\n\t\t\t\t\t<\/div>\n\t\t\t\t<\/div>\n\t\t<div class=\"elementor-element elementor-element-70784f7 e-flex e-con-boxed e-con e-parent\" data-id=\"70784f7\" data-element_type=\"container\" data-settings=\"{&quot;background_background&quot;:&quot;classic&quot;}\">\n\t\t\t\t\t<div class=\"e-con-inner\">\n\t\t<div class=\"elementor-element elementor-element-6d64a00 e-con-full e-flex e-con e-child\" data-id=\"6d64a00\" data-element_type=\"container\">\n\t\t\t\t<div class=\"elementor-element elementor-element-de208f7 elementor-widget elementor-widget-heading\" data-id=\"de208f7\" data-element_type=\"widget\" data-widget_type=\"heading.default\">\n\t\t\t\t\t<h3 class=\"elementor-heading-title elementor-size-default\">Misyonumuz<\/h3>\t\t\t\t<\/div>\n\t\t\t\t<div class=\"elementor-element elementor-element-64dc248 elementor-widget elementor-widget-text-editor\" data-id=\"64dc248\" data-element_type=\"widget\" data-widget_type=\"text-editor.default\">\n\t\t\t\t\t\t\t\t\t<p>M\u00fc\u015fterilerimizin ihtiya\u00e7lar\u0131n\u0131 en y\u00fcksek kalite, g\u00fcvenilirlik ve s\u00fcrd\u00fcr\u00fclebilirlik standartlar\u0131nda kar\u015f\u0131layan, yenilik\u00e7i ve katma de\u011ferli elektronik \u00e7\u00f6z\u00fcmler \u00fcretmek.<\/p>\t\t\t\t\t\t\t\t<\/div>\n\t\t\t\t<\/div>\n\t\t\t\t<div class=\"elementor-element elementor-element-a6a5f41 elementor-widget__width-initial elementor-widget-tablet__width-inherit elementor-widget elementor-widget-image\" data-id=\"a6a5f41\" data-element_type=\"widget\" data-widget_type=\"image.default\">\n\t\t\t\t\t\t\t\t\t\t\t\t\t\t\t<img decoding=\"async\" width=\"683\" height=\"1024\" src=\"https:\/\/semelektronik.com\/wp-content\/uploads\/2025\/10\/mission-683x1024.jpg\" class=\"attachment-large size-large wp-image-1587\" alt=\"\" srcset=\"https:\/\/semelektronik.com\/wp-content\/uploads\/2025\/10\/mission-683x1024.jpg 683w, https:\/\/semelektronik.com\/wp-content\/uploads\/2025\/10\/mission-200x300.jpg 200w, https:\/\/semelektronik.com\/wp-content\/uploads\/2025\/10\/mission-768x1152.jpg 768w, https:\/\/semelektronik.com\/wp-content\/uploads\/2025\/10\/mission-1024x1536.jpg 1024w, https:\/\/semelektronik.com\/wp-content\/uploads\/2025\/10\/mission.jpg 1280w\" sizes=\"(max-width: 683px) 100vw, 683px\" \/>\t\t\t\t\t\t\t\t\t\t\t\t\t\t\t<\/div>\n\t\t\t\t\t<\/div>\n\t\t\t\t<\/div>\n\t\t<div class=\"elementor-element elementor-element-48dee1f e-flex e-con-boxed e-con e-parent\" data-id=\"48dee1f\" data-element_type=\"container\" data-settings=\"{&quot;background_background&quot;:&quot;classic&quot;}\">\n\t\t\t\t\t<div class=\"e-con-inner\">\n\t\t\t\t<div class=\"elementor-element elementor-element-d46e85f elementor-widget elementor-widget-heading\" data-id=\"d46e85f\" data-element_type=\"widget\" data-widget_type=\"heading.default\">\n\t\t\t\t\t<h2 class=\"elementor-heading-title elementor-size-default\">Neden bizi se\u00e7melisiniz?<\/h2>\t\t\t\t<\/div>\n\t\t\t\t<div class=\"elementor-element elementor-element-4a43e89 elementor-widget__width-initial elementor-widget-tablet__width-inherit elementor-widget elementor-widget-text-editor\" data-id=\"4a43e89\" data-element_type=\"widget\" data-widget_type=\"text-editor.default\">\n\t\t\t\t\t\t\t\t\t<p>Uzmanl\u0131k, kalite ve yenilikle g\u00fcvenilir elektronik \u00e7\u00f6z\u00fcmler sunuyoruz.<\/p>\t\t\t\t\t\t\t\t<\/div>\n\t\t<div class=\"elementor-element elementor-element-3868511 e-flex e-con-boxed e-con e-child\" data-id=\"3868511\" data-element_type=\"container\">\n\t\t\t\t\t<div class=\"e-con-inner\">\n\t\t\t\t<div class=\"elementor-element elementor-element-45f7096 elementor-view-default elementor-position-block-start elementor-mobile-position-block-start elementor-widget elementor-widget-icon-box\" data-id=\"45f7096\" data-element_type=\"widget\" data-widget_type=\"icon-box.default\">\n\t\t\t\t\t\t\t<div class=\"elementor-icon-box-wrapper\">\n\n\t\t\t\t\t\t<div class=\"elementor-icon-box-icon\">\n\t\t\t\t<span  class=\"elementor-icon\">\n\t\t\t\t<svg xmlns=\"http:\/\/www.w3.org\/2000\/svg\" viewBox=\"0 0 50 50\"><path d=\"M23.3 0h3.5l.5.1c1.2.2 2.5.3 3.7.6a25 25 0 1 1-18.2 46.1c-.3-.2-.8-.3-1.1-.1l-10.8 3-.8.2 3.2-11.5c.1-.4.1-.8-.1-1.2-1.2-2.1-2-4.3-2.5-6.7L0 26.7v-3.5l.4-2.6a24.8 24.8 0 0 1 19-20l3.9-.6m3.6 30.8v-2.4c0-.3.2-.6.4-.9l3-2.7a7.6 7.6 0 1 0-12.9-5.6h3.8l.1-.5a3.9 3.9 0 0 1 4.4-3.2c1.3.2 2.4 1 2.9 2.2.7 1.5.4 3.2-.8 4.3l-4.2 3.9c-.2.2-.4.4-.4.6v4.4l3.7-.1zm-3.8 7.7h3.7v-3.8h-3.7v3.8z\"><\/path><\/svg>\t\t\t\t<\/span>\n\t\t\t<\/div>\n\t\t\t\n\t\t\t\t\t\t<div class=\"elementor-icon-box-content\">\n\n\t\t\t\t\t\t\t\t\t<h5 class=\"elementor-icon-box-title\">\n\t\t\t\t\t\t<span  >\n\t\t\t\t\t\t\t7\/24 Destek\t\t\t\t\t\t<\/span>\n\t\t\t\t\t<\/h5>\n\t\t\t\t\n\t\t\t\t\t\t\t\t\t<p class=\"elementor-icon-box-description\">\n\t\t\t\t\t\tM\u00fc\u015fterilerimize 7\/24 kesintisiz teknik destek sa\u011fl\u0131yoruz.\t\t\t\t\t<\/p>\n\t\t\t\t\n\t\t\t<\/div>\n\t\t\t\n\t\t<\/div>\n\t\t\t\t\t\t<\/div>\n\t\t\t\t<div class=\"elementor-element elementor-element-33f96ca elementor-view-default elementor-position-block-start elementor-mobile-position-block-start elementor-widget elementor-widget-icon-box\" data-id=\"33f96ca\" data-element_type=\"widget\" data-widget_type=\"icon-box.default\">\n\t\t\t\t\t\t\t<div class=\"elementor-icon-box-wrapper\">\n\n\t\t\t\t\t\t<div class=\"elementor-icon-box-icon\">\n\t\t\t\t<span  class=\"elementor-icon\">\n\t\t\t\t<svg xmlns=\"http:\/\/www.w3.org\/2000\/svg\" viewBox=\"0 0 50 50\"><path d=\"M5.2 46.5a5 5 0 0 1-5.1-4.2l-.1-.2V26.5c1.4 1.4 3.2 2.4 5.1 3l5.6 1.6 10.8 3.1c2.3.7 4.8.7 7.1 0l16.7-4.8c1.7-.5 3.2-1.4 4.4-2.6l.3-.3v14.9a5 5 0 0 1-4.8 5.1h-40zm17.5-15.2L5.9 26.4c-2.8-.8-5-3-5.6-5.8l-.2-1.2v-3.6l.1-.1a5 5 0 0 1 5.2-4.2h10.4V7.4a3.7 3.7 0 0 1 3.6-3.9h11a3.7 3.7 0 0 1 3.9 3.6v4.5h10.6a4.8 4.8 0 0 1 4.9 3.9c.2 1.6.2 3.2 0 4.8a7.7 7.7 0 0 1-5.9 6.4l-16 4.6c-1 .3-2 .4-3 .5l-2.2-.5zM19.6 6.6c-.3 0-.6.2-.6.5v4.3h12.1V7.1c0-.4-.3-.5-.6-.5H19.6z\"><\/path><\/svg>\t\t\t\t<\/span>\n\t\t\t<\/div>\n\t\t\t\n\t\t\t\t\t\t<div class=\"elementor-icon-box-content\">\n\n\t\t\t\t\t\t\t\t\t<h5 class=\"elementor-icon-box-title\">\n\t\t\t\t\t\t<span  >\n\t\t\t\t\t\t\t100+ Tamamlanan Proje\t\t\t\t\t\t<\/span>\n\t\t\t\t\t<\/h5>\n\t\t\t\t\n\t\t\t\t\t\t\t\t\t<p class=\"elementor-icon-box-description\">\n\t\t\t\t\t\tBa\u015far\u0131yla tamamlanan projelerimizle g\u00fcvenilir \u00e7\u00f6z\u00fcmler sunuyoruz.\t\t\t\t\t<\/p>\n\t\t\t\t\n\t\t\t<\/div>\n\t\t\t\n\t\t<\/div>\n\t\t\t\t\t\t<\/div>\n\t\t\t\t<div class=\"elementor-element elementor-element-cd70974 elementor-view-default elementor-position-block-start elementor-mobile-position-block-start elementor-widget elementor-widget-icon-box\" data-id=\"cd70974\" data-element_type=\"widget\" data-widget_type=\"icon-box.default\">\n\t\t\t\t\t\t\t<div class=\"elementor-icon-box-wrapper\">\n\n\t\t\t\t\t\t<div class=\"elementor-icon-box-icon\">\n\t\t\t\t<span  class=\"elementor-icon\">\n\t\t\t\t<svg aria-hidden=\"true\" class=\"e-font-icon-svg e-far-smile\" viewBox=\"0 0 496 512\" xmlns=\"http:\/\/www.w3.org\/2000\/svg\"><path d=\"M248 8C111 8 0 119 0 256s111 248 248 248 248-111 248-248S385 8 248 8zm0 448c-110.3 0-200-89.7-200-200S137.7 56 248 56s200 89.7 200 200-89.7 200-200 200zm-80-216c17.7 0 32-14.3 32-32s-14.3-32-32-32-32 14.3-32 32 14.3 32 32 32zm160 0c17.7 0 32-14.3 32-32s-14.3-32-32-32-32 14.3-32 32 14.3 32 32 32zm4 72.6c-20.8 25-51.5 39.4-84 39.4s-63.2-14.3-84-39.4c-8.5-10.2-23.7-11.5-33.8-3.1-10.2 8.5-11.5 23.6-3.1 33.8 30 36 74.1 56.6 120.9 56.6s90.9-20.6 120.9-56.6c8.5-10.2 7.1-25.3-3.1-33.8-10.1-8.4-25.3-7.1-33.8 3.1z\"><\/path><\/svg>\t\t\t\t<\/span>\n\t\t\t<\/div>\n\t\t\t\n\t\t\t\t\t\t<div class=\"elementor-icon-box-content\">\n\n\t\t\t\t\t\t\t\t\t<h5 class=\"elementor-icon-box-title\">\n\t\t\t\t\t\t<span  >\n\t\t\t\t\t\t\t%100 M\u00fc\u015fteri Memnuniyeti\t\t\t\t\t\t<\/span>\n\t\t\t\t\t<\/h5>\n\t\t\t\t\n\t\t\t\t\t\t\t\t\t<p class=\"elementor-icon-box-description\">\n\t\t\t\t\t\tM\u00fc\u015fteri memnuniyetini her zaman \u00f6nceli\u011fimiz olarak g\u00f6r\u00fcyoruz.\t\t\t\t\t<\/p>\n\t\t\t\t\n\t\t\t<\/div>\n\t\t\t\n\t\t<\/div>\n\t\t\t\t\t\t<\/div>\n\t\t\t\t\t<\/div>\n\t\t\t\t<\/div>\n\t\t\t\t\t<\/div>\n\t\t\t\t<\/div>\n\t\t\t\t<\/div>\n\t\t","protected":false},"excerpt":{"rendered":"<p>SEM Elektronik, yenilik\u00e7i teknolojilerle donat\u0131lm\u0131\u015f elektronik sistemlerin tasar\u0131m\u0131, geli\u015ftirilmesi ve \u00fcretimi alan\u0131nda faaliyet g\u00f6steren bir m\u00fchendislik firmas\u0131d\u0131r. Kuruldu\u011fu g\u00fcnden bu yana, donan\u0131m ve g\u00f6m\u00fcl\u00fc sistem tasar\u0131m\u0131 ba\u015fta olmak \u00fczere elektronik teknolojilerinde y\u00fcksek kalite, g\u00fcvenilirlik ve s\u00fcrd\u00fcr\u00fclebilirli\u011fi temel ilke edinmi\u015ftir. Alan\u0131nda uzman m\u00fchendis kadromuz, fikir a\u015famas\u0131ndan seri \u00fcretime kadar uzanan her ad\u0131mda m\u00fc\u015fterilerimize \u00f6zel \u00e7\u00f6z\u00fcmler sunmakta; [&hellip;]<\/p>\n","protected":false},"author":1,"featured_media":0,"parent":0,"menu_order":0,"comment_status":"closed","ping_status":"closed","template":"","meta":{"footnotes":""},"class_list":["post-791","page","type-page","status-publish","hentry"],"blocksy_meta":{"page_title_panel":"","has_hero_section":"disabled","da5b4872f9e8334623972e2d166fd56a":"","hero_section":"type-1","hero_elements":[{"id":"custom_title","enabled":true,"heading_tag":"h1","title":"Home"},{"id":"custom_description","enabled":true,"description_visibility":{"desktop":true,"tablet":true,"mobile":false}},{"id":"custom_meta","enabled":false,"meta_elements":[{"id":"author","enabled":true,"label":"By","has_author_avatar":"yes","avatar_size":25},{"id":"post_date","enabled":true,"label":"On","date_format_source":"default","date_format":"M j, Y"},{"id":"updated_date","enabled":false,"label":"On","date_format_source":"default","date_format":"M j, Y"},{"id":"categories","enabled":false,"label":"In","style":"simple"},{"id":"comments","enabled":true}],"page_meta_elements":{"joined":true,"articles_count":true,"comments":true}},{"id":"breadcrumbs","enabled":false}],"e6d535d3e1e37507fc0033d9ef7c98b0":"","hero_alignment1":"CT_CSS_SKIP_RULE","hero_margin":40,"hero_alignment2":"center","hero_vertical_alignment":"center","af604582675f2c6b2d61704d7aa0b27c":"","hero_structure":"narrow","ce6f705cef06fac676ecc48a8a6948fd":"","page_title_bg_type":"featured_image","custom_hero_background":{"attachment_id":null},"page_title_image_size":"full","parallax":{"desktop":false,"tablet":false,"mobile":false},"bd6f81ef84ae85f9e69d912b8ee9c623":"","hero_height":"250px","pageTitleFont":{"family":"Default","variation":"Default","size":"30px","line-height":"CT_CSS_SKIP_RULE","letter-spacing":"CT_CSS_SKIP_RULE","text-transform":"CT_CSS_SKIP_RULE","text-decoration":"CT_CSS_SKIP_RULE"},"pageTitleFontColor":{"default":{"color":"CT_CSS_SKIP_RULEDEFAULT"}},"pageMetaFont":{"family":"Default","variation":"n6","size":"12px","line-height":"1.3","letter-spacing":"CT_CSS_SKIP_RULE","text-transform":"uppercase","text-decoration":"CT_CSS_SKIP_RULE"},"pageMetaFontColor":{"default":{"color":"CT_CSS_SKIP_RULEDEFAULT"},"hover":{"color":"CT_CSS_SKIP_RULEDEFAULT"}},"page_meta_button_type_font_colors":{"default":{"color":"CT_CSS_SKIP_RULEDEFAULT"},"hover":{"color":"CT_CSS_SKIP_RULEDEFAULT"}},"page_meta_button_type_background_colors":{"default":{"color":"CT_CSS_SKIP_RULEDEFAULT"},"hover":{"color":"CT_CSS_SKIP_RULEDEFAULT"}},"pageExcerptFont":{"family":"Default","variation":"Default","size":"CT_CSS_SKIP_RULE","line-height":"CT_CSS_SKIP_RULE","letter-spacing":"CT_CSS_SKIP_RULE","text-transform":"CT_CSS_SKIP_RULE","text-decoration":"CT_CSS_SKIP_RULE"},"pageExcerptColor":{"default":{"color":"CT_CSS_SKIP_RULEDEFAULT"}},"breadcrumbsFont":{"family":"Default","variation":"Default","size":"CT_CSS_SKIP_RULE","line-height":"CT_CSS_SKIP_RULE","letter-spacing":"CT_CSS_SKIP_RULE","text-transform":"CT_CSS_SKIP_RULE","text-decoration":"CT_CSS_SKIP_RULE"},"breadcrumbsFontColor":{"default":{"color":"CT_CSS_SKIP_RULEDEFAULT"},"initial":{"color":"CT_CSS_SKIP_RULEDEFAULT"},"hover":{"color":"CT_CSS_SKIP_RULEDEFAULT"}},"pageTitleOverlay":{"background_type":"color","background_pattern":"type-1","background_image":{"attachment_id":null,"x":0,"y":0},"gradient":"linear-gradient(135deg,rgba(6,147,227,1) 0%,rgb(155,81,224) 100%)","background_repeat":"repeat","background_size":"auto","background_attachment":"scroll","patternColor":{"default":{"color":"#e5e7ea"}},"overlayColor":{"default":{"color":"CT_CSS_SKIP_RULE"}},"backgroundColor":{"default":{"color":"CT_CSS_SKIP_RULE"}}},"pageTitleBackground":{"background_type":"color","background_pattern":"type-1","background_image":{"attachment_id":null,"x":0,"y":0},"gradient":"linear-gradient(135deg,rgba(6,147,227,1) 0%,rgb(155,81,224) 100%)","background_repeat":"repeat","background_size":"auto","background_attachment":"scroll","patternColor":{"default":{"color":"#e5e7ea"}},"overlayColor":{"default":{"color":"CT_CSS_SKIP_RULE"}},"backgroundColor":{"default":{"color":"var(--theme-palette-color-6)"}}},"pageTitlePadding":{"top":"50px","bottom":"50px","left":"auto","right":"auto","linked":true},"8c4a6d2961d44fcfa49a0dd572b8a506":"","page_structure_type":"default","702871a7ab24e49134d063076717b1f5":"","content_style_source":"inherit","content_style":"wide","vertical_spacing_source":"custom","content_area_spacing":"none","background":{"background_type":"color","background_pattern":"type-1","background_image":{"attachment_id":null,"x":0,"y":0},"gradient":"linear-gradient(135deg,rgba(6,147,227,1) 0%,rgb(155,81,224) 100%)","background_repeat":"repeat","background_size":"auto","background_attachment":"scroll","patternColor":{"default":{"color":"#e5e7ea"}},"overlayColor":{"default":{"color":"CT_CSS_SKIP_RULE"}},"backgroundColor":{"default":{"color":"CT_CSS_SKIP_RULE"}}},"content_background":{"background_type":"color","background_pattern":"type-1","background_image":{"attachment_id":null,"x":0,"y":0},"gradient":"linear-gradient(135deg,rgba(6,147,227,1) 0%,rgb(155,81,224) 100%)","background_repeat":"repeat","background_size":"auto","background_attachment":"scroll","patternColor":{"default":{"color":"#e5e7ea"}},"overlayColor":{"default":{"color":"CT_CSS_SKIP_RULE"}},"backgroundColor":{"default":{"color":"var(--theme-palette-color-8)"}}},"content_boxed_shadow":{"inherit":false,"blur":18,"spread":-6,"v_offset":12,"h_offset":0,"inset":false,"enable":true,"color":{"color":"rgba(34, 56, 101, 0.04)"}},"content_boxed_border":{"width":1,"style":"none","color":{"color":"rgba(44,62,80,0.2)"}},"content_boxed_radius":{"top":"3px","bottom":"3px","left":"3px","right":"3px","linked":true},"boxed_content_spacing":{"desktop":{"top":"40px","bottom":"40px","left":"40px","right":"40px","linked":true},"tablet":{"top":"35px","bottom":"35px","left":"35px","right":"35px","linked":true},"mobile":{"top":"20px","bottom":"20px","left":"20px","right":"20px","linked":true}},"7922427f56353a5999fd9b23b8da9b06":"","disable_featured_image":"no","disable_share_box":"no","disable_header":"no","disable_footer":"no","styles_descriptor":{"styles":{"desktop":"","tablet":"","mobile":""},"google_fonts":[],"version":6}},"_links":{"self":[{"href":"https:\/\/semelektronik.com\/index.php?rest_route=\/wp\/v2\/pages\/791","targetHints":{"allow":["GET"]}}],"collection":[{"href":"https:\/\/semelektronik.com\/index.php?rest_route=\/wp\/v2\/pages"}],"about":[{"href":"https:\/\/semelektronik.com\/index.php?rest_route=\/wp\/v2\/types\/page"}],"author":[{"embeddable":true,"href":"https:\/\/semelektronik.com\/index.php?rest_route=\/wp\/v2\/users\/1"}],"replies":[{"embeddable":true,"href":"https:\/\/semelektronik.com\/index.php?rest_route=%2Fwp%2Fv2%2Fcomments&post=791"}],"version-history":[{"count":13,"href":"https:\/\/semelektronik.com\/index.php?rest_route=\/wp\/v2\/pages\/791\/revisions"}],"predecessor-version":[{"id":1590,"href":"https:\/\/semelektronik.com\/index.php?rest_route=\/wp\/v2\/pages\/791\/revisions\/1590"}],"wp:attachment":[{"href":"https:\/\/semelektronik.com\/index.php?rest_route=%2Fwp%2Fv2%2Fmedia&parent=791"}],"curies":[{"name":"wp","href":"https:\/\/api.w.org\/{rel}","templated":true}]}}